{"id":1623,"date":"2019-10-07T09:10:14","date_gmt":"2019-10-07T09:10:14","guid":{"rendered":"http:\/\/dj-weddings.com\/?page_id=1623"},"modified":"2020-08-24T12:23:11","modified_gmt":"2020-08-24T12:23:11","slug":"faq","status":"publish","type":"page","link":"https:\/\/dj-weddings.com\/de\/faq\/","title":{"rendered":"H\u00e4ufig gestellte fragen"},"content":{"rendered":"<div class=\"wpb-content-wrapper\"><p>[vc_row css=&#8220;.vc_custom_1572001428902{padding-top: 110px !important;padding-bottom: 110px !important;}&#8220;][vc_column]<div id=\"ultimate-heading-49196a04707789916\" class=\"uvc-heading ult-adjust-bottom-margin ultimate-heading-49196a04707789916 uvc-6692 letter-spacing\" data-hspacer=\"icon_only\"  data-halign=\"center\" style=\"text-align:center\"><div class=\"uvc-main-heading ult-responsive\"  data-ultimate-target='.uvc-heading.ultimate-heading-49196a04707789916 p'  data-responsive-json-new='{\"font-size\":\"desktop:21px;\",\"line-height\":\"desktop:0px;\"}' ><p style=\"font-family:&#039;Cormorant&#039;;font-style:italic;font-weight:300;color:#c78665;margin-bottom:30px;\">DJ Weddings<\/p><\/div><div class=\"uvc-sub-heading ult-responsive\"  data-ultimate-target='.uvc-heading.ultimate-heading-49196a04707789916 .uvc-sub-heading '  data-responsive-json-new='{\"font-size\":\"desktop:34px;\",\"line-height\":\"desktop:40px;\"}'  style=\"font-family:&#039;Muli&#039;;font-weight:200;margin-bottom:20px;\">FRAGEN &amp; ANTWORTEN<\/div><div class=\"uvc-heading-spacer icon_only\" style=\"margin-bottom:30px;\"><div class=\"ult-just-icon-wrapper  \"><div class=\"align-icon\" style=\"text-align:center;\">\n<div class=\"aio-icon none \"  style=\"color:#acadad;font-size:20px;display:inline-block;\">\n\t<i class=\"Defaults-leaf\"><\/i>\n<\/div><\/div><\/div><\/div><\/div>[vc_empty_space][vc_accordion active_tab=&#8220;1&#8243; collapsible=&#8220;yes&#8220; title_size=&#8220;h6&#8243; style=&#8220;3&#8243;][vc_accordion_tab title=&#8220;1. Bei wie vielen Hochzeiten hast du bisher aufgelegt?&#8220;][vc_column_text]Ich hatte die Gelegenheit und Ehre bei \u00fcber 60 Hochzeiten aufzulegen.[\/vc_column_text][\/vc_accordion_tab][vc_accordion_tab title=&#8220;2. Wie umfangreich ist dein Liederrepertoire?&#8220;][vc_column_text]Mein Repertoire an Liedern, besonders bei Hochzeiten, ist extrem gro\u00df. Dies liegt an der unterschiedlichen Bev\u00f6lkerungsstruktur der G\u00e4ste, die Musik aus Gegenden bevorzugen wo sie leben.[\/vc_column_text][\/vc_accordion_tab][vc_accordion_tab title=&#8220;3. Gibt es einen Vertrag, den wir unterzeichnen beim \u201eKauf\u201c von DJ- Dienstleistungen?&#8220;][vc_column_text]Selbstverst\u00e4ndlich unterzeichnen wir einen Vertrag und beide Parteien (Sie und ich) erhalten jeweils eine unterzeichnete Kopie.[\/vc_column_text][\/vc_accordion_tab][vc_accordion_tab title=&#8220;4. Beinhaltet der DJ Auftritt Audio -und Beleuchtungsausstattung?&#8220;][vc_column_text]Wir vermieten die Audio -und die Beleuchtungsausstattung nach Vereinbarung. Wir haben sie im Angebot und Sie k\u00f6nnen sie separat mieten.[\/vc_column_text][\/vc_accordion_tab][vc_accordion_tab title=&#8220;5. Haben Sie die Rolle eines &#8222;Moderators&#8222; bei unserer Hochzeit, d.h. Ank\u00fcndigung des ersten Tanzes, der bevorstehenden Ankunft der Torte, usw.?&#8220;][vc_column_text]Selbstverst\u00e4ndlich gestalten wir einen kompletten Ablauf Ihrer Hochzeit \/ Ihres Festes und animieren die G\u00e4ste.[\/vc_column_text][\/vc_accordion_tab][vc_accordion_tab title=&#8220;6. K\u00f6nnen wir vor unserer Hochzeit zu einer der Hochzeiten kommen, wo du auftrittst, um zu sehen, wie das aussieht?&#8220;][vc_column_text]Da Hochzeiten privat sind, ist eine Teilnahme nur in vorheriger Absprache mit den Brautpaar (Gastgeber) m\u00f6glich.[\/vc_column_text][\/vc_accordion_tab][vc_accordion_tab title=&#8220;7. K\u00f6nnen wir eine Musikliste f\u00fcr unsere Hochzeit vorschlagen?&#8220;][vc_column_text]Nat\u00fcrlich k\u00f6nnen Sie auch Ihre eigene Musik-Playlist f\u00fcr Ihre Hochzeit vorschlagen.[\/vc_column_text][\/vc_accordion_tab][vc_accordion_tab title=&#8220;8. Habt ihr eine Ersatzausr\u00fcstung f\u00fcr den Fall, dass etwas schief geht?&#8220;][vc_column_text]Ja, wir haben ein Backup-Equipment f\u00fcr Hochzeiten, wir k\u00fcmmern uns immer um das Backup des kompletten Equipments.[\/vc_column_text][\/vc_accordion_tab][vc_accordion_tab title=&#8220;9. K\u00f6nnen die eingeladenen G\u00e4ste ihre Musikw\u00fcnsche \u00e4u\u00dfern? &#8222;][vc_column_text]Wenn es dem Brautpaar passt, warum nicht? ;)[\/vc_column_text][\/vc_accordion_tab][vc_accordion_tab title=&#8220;10. H\u00e4lst du die Kleiderordnung f\u00fcr Hochzeiten ein?&#8220;][vc_column_text]Ja, ich respektiere die Kleiderordnung und kleide mich dementsprechend.[\/vc_column_text][\/vc_accordion_tab][vc_accordion_tab title=&#8220;11. Ist eine Vorauszahlung erforderlich, um deinen Auftritt zu buchen \/ zu best\u00e4tigen?&#8220;][vc_column_text]Ja, eine Anzahlung und die unterzeichnete Vereinbarung sind ein Zeichen der Best\u00e4tigung des Termins und gegenseitiger Zusammenarbeit.[\/vc_column_text][\/vc_accordion_tab][\/vc_accordion][\/vc_column][\/vc_row]<\/p>\n<\/div>","protected":false},"excerpt":{"rendered":"<p>[vc_row css=&#8220;.vc_custom_1572001428902{padding-top: 110px !important;padding-bottom: 110px !important;}&#8220;][vc_column][vc_empty_space][vc_accordion active_tab=&#8220;1&#8243; collapsible=&#8220;yes&#8220; title_size=&#8220;h6&#8243; style=&#8220;3&#8243;][vc_accordion_tab title=&#8220;1. Bei wie vielen Hochzeiten hast du bisher aufgelegt?&#8220;][vc_column_text]Ich hatte die Gelegenheit und Ehre bei \u00fcber 60 Hochzeiten aufzulegen.[\/vc_column_text][\/vc_accordion_tab][vc_accordion_tab title=&#8220;2. Wie umfangreich ist dein Liederrepertoire?&#8220;][vc_column_text]Mein Repertoire an Liedern, besonders bei Hochzeiten, ist extrem gro\u00df. Dies liegt an der unterschiedlichen Bev\u00f6lkerungsstruktur der G\u00e4ste, die Musik aus&hellip;<\/p>\n","protected":false},"author":1,"featured_media":0,"parent":0,"menu_order":0,"comment_status":"closed","ping_status":"open","template":"","meta":{"footnotes":""},"yoast_head":"<!-- This site is optimized with the Yoast SEO plugin v21.5 - https:\/\/yoast.com\/wordpress\/plugins\/seo\/ -->\n<title>H\u00e4ufig gestellte fragen - Wedding DJ<\/title>\n<meta name=\"description\" content=\"You may wish to hire us only for a few hours or for the whole night until the dawn. No problem! Feel free to ask us anything.\" \/>\n<meta name=\"robots\" content=\"index, follow, max-snippet:-1, max-image-preview:large, max-video-preview:-1\" \/>\n<link rel=\"canonical\" href=\"https:\/\/dj-weddings.com\/faq\/\" \/>\n<meta property=\"og:locale\" content=\"de_DE\" \/>\n<meta property=\"og:type\" content=\"article\" \/>\n<meta property=\"og:title\" content=\"[:en]Frequently asked questions[:de]H\u00e4ufig gestellte fragen[:hr]\u010cesta pitanja[:] - Wedding DJ\" \/>\n<meta property=\"og:description\" content=\"You may wish to hire us only for a few hours or for the whole night until the dawn. No problem! Feel free to ask us anything.\" \/>\n<meta property=\"og:url\" content=\"https:\/\/dj-weddings.com\/faq\/\" \/>\n<meta property=\"og:site_name\" content=\"Wedding DJ\" \/>\n<meta property=\"article:modified_time\" content=\"2020-08-24T12:23:11+00:00\" \/>\n<meta name=\"twitter:card\" content=\"summary_large_image\" \/>\n<meta name=\"twitter:label1\" content=\"Gesch\u00e4tzte Lesezeit\" \/>\n\t<meta name=\"twitter:data1\" content=\"9\u00a0Minuten\" \/>\n<script type=\"application\/ld+json\" class=\"yoast-schema-graph\">{\"@context\":\"https:\/\/schema.org\",\"@graph\":[{\"@type\":\"WebPage\",\"@id\":\"https:\/\/dj-weddings.com\/faq\/\",\"url\":\"https:\/\/dj-weddings.com\/faq\/\",\"name\":\"[:en]Frequently asked questions[:de]H\u00e4ufig gestellte fragen[:hr]\u010cesta pitanja[:] - Wedding DJ\",\"isPartOf\":{\"@id\":\"https:\/\/dj-weddings.com\/#website\"},\"datePublished\":\"2019-10-07T09:10:14+00:00\",\"dateModified\":\"2020-08-24T12:23:11+00:00\",\"description\":\"You may wish to hire us only for a few hours or for the whole night until the dawn. No problem! Feel free to ask us anything.\",\"breadcrumb\":{\"@id\":\"https:\/\/dj-weddings.com\/faq\/#breadcrumb\"},\"inLanguage\":\"de\",\"potentialAction\":[{\"@type\":\"ReadAction\",\"target\":[\"https:\/\/dj-weddings.com\/faq\/\"]}]},{\"@type\":\"BreadcrumbList\",\"@id\":\"https:\/\/dj-weddings.com\/faq\/#breadcrumb\",\"itemListElement\":[{\"@type\":\"ListItem\",\"position\":1,\"name\":\"Home\",\"item\":\"https:\/\/dj-weddings.com\/\"},{\"@type\":\"ListItem\",\"position\":2,\"name\":\"Frequently asked questions\"}]},{\"@type\":\"WebSite\",\"@id\":\"https:\/\/dj-weddings.com\/#website\",\"url\":\"https:\/\/dj-weddings.com\/\",\"name\":\"Wedding DJ\",\"description\":\"A Wedding to Remember\",\"potentialAction\":[{\"@type\":\"SearchAction\",\"target\":{\"@type\":\"EntryPoint\",\"urlTemplate\":\"https:\/\/dj-weddings.com\/?s={search_term_string}\"},\"query-input\":\"required name=search_term_string\"}],\"inLanguage\":\"de\"}]}<\/script>\n<!-- \/ Yoast SEO plugin. -->","yoast_head_json":{"title":"[:en]Frequently asked questions[:de]H\u00e4ufig gestellte fragen[:hr]\u010cesta pitanja[:] - Wedding DJ","description":"You may wish to hire us only for a few hours or for the whole night until the dawn. No problem! Feel free to ask us anything.","robots":{"index":"index","follow":"follow","max-snippet":"max-snippet:-1","max-image-preview":"max-image-preview:large","max-video-preview":"max-video-preview:-1"},"canonical":"https:\/\/dj-weddings.com\/faq\/","og_locale":"de_DE","og_type":"article","og_title":"[:en]Frequently asked questions[:de]H\u00e4ufig gestellte fragen[:hr]\u010cesta pitanja[:] - Wedding DJ","og_description":"You may wish to hire us only for a few hours or for the whole night until the dawn. No problem! Feel free to ask us anything.","og_url":"https:\/\/dj-weddings.com\/faq\/","og_site_name":"Wedding DJ","article_modified_time":"2020-08-24T12:23:11+00:00","twitter_card":"summary_large_image","twitter_misc":{"Gesch\u00e4tzte Lesezeit":"9\u00a0Minuten"},"schema":{"@context":"https:\/\/schema.org","@graph":[{"@type":"WebPage","@id":"https:\/\/dj-weddings.com\/faq\/","url":"https:\/\/dj-weddings.com\/faq\/","name":"[:en]Frequently asked questions[:de]H\u00e4ufig gestellte fragen[:hr]\u010cesta pitanja[:] - Wedding DJ","isPartOf":{"@id":"https:\/\/dj-weddings.com\/#website"},"datePublished":"2019-10-07T09:10:14+00:00","dateModified":"2020-08-24T12:23:11+00:00","description":"You may wish to hire us only for a few hours or for the whole night until the dawn. No problem! Feel free to ask us anything.","breadcrumb":{"@id":"https:\/\/dj-weddings.com\/faq\/#breadcrumb"},"inLanguage":"de","potentialAction":[{"@type":"ReadAction","target":["https:\/\/dj-weddings.com\/faq\/"]}]},{"@type":"BreadcrumbList","@id":"https:\/\/dj-weddings.com\/faq\/#breadcrumb","itemListElement":[{"@type":"ListItem","position":1,"name":"Home","item":"https:\/\/dj-weddings.com\/"},{"@type":"ListItem","position":2,"name":"Frequently asked questions"}]},{"@type":"WebSite","@id":"https:\/\/dj-weddings.com\/#website","url":"https:\/\/dj-weddings.com\/","name":"Wedding DJ","description":"A Wedding to Remember","potentialAction":[{"@type":"SearchAction","target":{"@type":"EntryPoint","urlTemplate":"https:\/\/dj-weddings.com\/?s={search_term_string}"},"query-input":"required name=search_term_string"}],"inLanguage":"de"}]}},"_links":{"self":[{"href":"https:\/\/dj-weddings.com\/de\/wp-json\/wp\/v2\/pages\/1623"}],"collection":[{"href":"https:\/\/dj-weddings.com\/de\/wp-json\/wp\/v2\/pages"}],"about":[{"href":"https:\/\/dj-weddings.com\/de\/wp-json\/wp\/v2\/types\/page"}],"author":[{"embeddable":true,"href":"https:\/\/dj-weddings.com\/de\/wp-json\/wp\/v2\/users\/1"}],"replies":[{"embeddable":true,"href":"https:\/\/dj-weddings.com\/de\/wp-json\/wp\/v2\/comments?post=1623"}],"version-history":[{"count":5,"href":"https:\/\/dj-weddings.com\/de\/wp-json\/wp\/v2\/pages\/1623\/revisions"}],"predecessor-version":[{"id":2019,"href":"https:\/\/dj-weddings.com\/de\/wp-json\/wp\/v2\/pages\/1623\/revisions\/2019"}],"wp:attachment":[{"href":"https:\/\/dj-weddings.com\/de\/wp-json\/wp\/v2\/media?parent=1623"}],"curies":[{"name":"wp","href":"https:\/\/api.w.org\/{rel}","templated":true}]}}